{"id":326,"date":"2025-08-22T14:36:17","date_gmt":"2025-08-22T14:36:17","guid":{"rendered":"https:\/\/kreuzfahrtenwelt.at\/?page_id=326"},"modified":"2025-08-22T14:36:17","modified_gmt":"2025-08-22T14:36:17","slug":"impressum","status":"publish","type":"page","link":"https:\/\/kreuzfahrtenwelt.at\/index.php\/impressum\/","title":{"rendered":"Impressum"},"content":{"rendered":"<p>Informationen \u00fcber den Diensteanbieter:<\/p>\n<p style=\"font-weight: 400;\">Reiseb\u00fcro Dr. August P\u00f6ll \/ Kreuzfahrtenwelt<\/p>\n<p style=\"font-weight: 400;\">\n<p style=\"font-weight: 400;\">Standort:<\/p>\n<p style=\"font-weight: 400;\">5020 Salzburg,<\/p>\n<p style=\"font-weight: 400;\">Georg-Nikolaus-von-Nissen-Stra\u00dfe 42<\/p>\n<p style=\"font-weight: 400;\">\u00d6sterreich<\/p>\n<p style=\"font-weight: 400;\">\n<p style=\"font-weight: 400;\">Unternehmensgegenstand:<\/p>\n<p style=\"font-weight: 400;\">Reiseb\u00fcro gem. \u00a7 124 Z. 14 GewO 1994, Umfang gem. \u00a7 166 Abs.1 GewO 1994<\/p>\n<p style=\"font-weight: 400;\">(Registernummer 501\/708148)<\/p>\n<p style=\"font-weight: 400;\">\n<p style=\"font-weight: 400;\">Kontaktdaten:<\/p>\n<p style=\"font-weight: 400;\">Tel. +43 662 849213<\/p>\n<p style=\"font-weight: 400;\">E-Mail: <a href=\"mailto:office@kreuzfahrtenwelt.at\">office@kreuzfahrtenwelt.at<\/a><\/p>\n<p style=\"font-weight: 400;\">\n<p style=\"font-weight: 400;\">UID-Nr: ATU62295947<\/p>\n<p style=\"font-weight: 400;\">\n<p style=\"font-weight: 400;\">Mitglied der WK\u00d6<\/p>\n<p style=\"font-weight: 400;\">\n<p style=\"font-weight: 400;\">Gewerbebeh\u00f6rde:<\/p>\n<p style=\"font-weight: 400;\">Magistrat der Stadt Salzburg<\/p>\n<p style=\"font-weight: 400;\">\n<p style=\"font-weight: 400;\">\n<p style=\"font-weight: 400;\">\n<p style=\"font-weight: 400;\">\n","protected":false},"excerpt":{"rendered":"<p>Informationen \u00fcber den Diensteanbieter: Reiseb\u00fcro Dr. August P\u00f6ll \/ Kreuzfahrtenwelt Standort: 5020 Salzburg, Georg-Nikolaus-von-Nissen-Stra\u00dfe 42 \u00d6sterreich Unternehmensgegenstand: Reiseb\u00fcro gem. \u00a7 124 Z. 14 GewO 1994, Umfang gem. \u00a7 166 Abs.1 GewO 1994 (Registernummer 501\/708148) Kontaktdaten: Tel. +43 662 849213 E-Mail: office@kreuzfahrtenwelt.at UID-Nr: ATU62295947 Mitglied der WK\u00d6 Gewerbebeh\u00f6rde: Magistrat der Stadt Salzburg<\/p>\n","protected":false},"author":1,"featured_media":0,"parent":0,"menu_order":0,"comment_status":"closed","ping_status":"closed","template":"","meta":{"footnotes":""},"class_list":["post-326","page","type-page","status-publish","hentry"],"_links":{"self":[{"href":"https:\/\/kreuzfahrtenwelt.at\/index.php\/wp-json\/wp\/v2\/pages\/326","targetHints":{"allow":["GET"]}}],"collection":[{"href":"https:\/\/kreuzfahrtenwelt.at\/index.php\/wp-json\/wp\/v2\/pages"}],"about":[{"href":"https:\/\/kreuzfahrtenwelt.at\/index.php\/wp-json\/wp\/v2\/types\/page"}],"author":[{"embeddable":true,"href":"https:\/\/kreuzfahrtenwelt.at\/index.php\/wp-json\/wp\/v2\/users\/1"}],"replies":[{"embeddable":true,"href":"https:\/\/kreuzfahrtenwelt.at\/index.php\/wp-json\/wp\/v2\/comments?post=326"}],"version-history":[{"count":1,"href":"https:\/\/kreuzfahrtenwelt.at\/index.php\/wp-json\/wp\/v2\/pages\/326\/revisions"}],"predecessor-version":[{"id":327,"href":"https:\/\/kreuzfahrtenwelt.at\/index.php\/wp-json\/wp\/v2\/pages\/326\/revisions\/327"}],"wp:attachment":[{"href":"https:\/\/kreuzfahrtenwelt.at\/index.php\/wp-json\/wp\/v2\/media?parent=326"}],"curies":[{"name":"wp","href":"https:\/\/api.w.org\/{rel}","templated":true}]}}